{"id":28009,"date":"2021-08-12T16:13:02","date_gmt":"2021-08-12T14:13:02","guid":{"rendered":"https:\/\/amesco.fr\/amesco\/"},"modified":"2021-08-13T12:25:18","modified_gmt":"2021-08-13T10:25:18","slug":"amesco","status":"publish","type":"page","link":"https:\/\/amesco.fr\/de\/amesco\/","title":{"rendered":"Amesco"},"content":{"rendered":"\t\t<div data-elementor-type=\"wp-page\" data-elementor-id=\"28009\" class=\"elementor elementor-28009 elementor-23994\" data-elementor-settings=\"[]\">\n\t\t\t\t\t\t<div class=\"elementor-inner\">\n\t\t\t\t\t\t\t<div class=\"elementor-section-wrap\">\n\t\t\t\t\t\t\t<section class=\"elementor-section elementor-top-section elementor-element elementor-element-5ba88d6 elementor-section-full_width elementor-section-stretched elementor-section-height-default elementor-section-height-default\" data-id=\"5ba88d6\" data-element_type=\"section\" data-settings=\"{&quot;stretch_section&quot;:&quot;section-stretched&quot;,&quot;background_background&quot;:&quot;classic&quot;}\">\n\t\t\t\t\t\t<div class=\"elementor-container elementor-column-gap-thegem\">\n\t\t\t\t\t\t\t<div class=\"elementor-row\">\n\t\t\t\t\t<div class=\"elementor-column elementor-col-100 elementor-top-column elementor-element elementor-element-3cfa26a\" data-id=\"3cfa26a\" data-element_type=\"column\" data-settings=\"{&quot;background_background&quot;:&quot;slideshow&quot;,&quot;background_slideshow_gallery&quot;:[],&quot;background_slideshow_loop&quot;:&quot;yes&quot;,&quot;background_slideshow_slide_duration&quot;:5000,&quot;background_slideshow_slide_transition&quot;:&quot;fade&quot;,&quot;background_slideshow_transition_duration&quot;:500}\">\n\t\t\t<div class=\"elementor-column-wrap elementor-element-populated\">\n\t\t\t\t\t\t\t<div class=\"elementor-widget-wrap\">\n\t\t\t\t\t\t<div class=\"elementor-element elementor-element-93415be elementor-widget elementor-widget-heading\" data-id=\"93415be\" data-element_type=\"widget\" data-widget_type=\"heading.default\">\n\t\t\t\t<div class=\"elementor-widget-container\">\n\t\t\t<div class=\"title-h2 elementor-heading-title elementor-size-default\">Gr\u00f6sstm\u00f6gliche kundenn\u00e4he<\/div>\t\t<\/div>\n\t\t\t\t<\/div>\n\t\t\t\t<div class=\"elementor-element elementor-element-73dc8db elementor-widget-divider--view-line_icon elementor-view-default elementor-widget-divider--element-align-center elementor-widget elementor-widget-divider\" data-id=\"73dc8db\" data-element_type=\"widget\" data-widget_type=\"divider.default\">\n\t\t\t\t<div class=\"elementor-widget-container\">\n\t\t\t\t\t<div class=\"elementor-divider\">\n\t\t\t<span class=\"elementor-divider-separator\">\n\t\t\t\t\t\t\t<div class=\"elementor-icon elementor-divider__element\">\n\t\t\t\t\t<svg xmlns=\"http:\/\/www.w3.org\/2000\/svg\" viewBox=\"0 0 52.5 49.7\"><g id=\"Calque_2\" data-name=\"Calque 2\"><g id=\"Calque_1-2\" data-name=\"Calque 1\"><path d=\"M52.5,18.9H31.2c-1.6-1.3-5.3-4.6-10.5-5.9h0a11,11,0,0,0-3.7-.6,18.2,18.2,0,0,0-6.4.6,27.5,27.5,0,0,0-4.1,1.7A31.3,31.3,0,0,0,.2,18.9c-.5.4,0-1.5,1.8-4.3a32,32,0,0,1,8.5-9.1h0A29.2,29.2,0,0,1,27.3,0h.6a24.7,24.7,0,0,1,3.9.3C45.8,2.2,52.4,14.6,52.5,18.9Z\"><\/path><path d=\"M0,30.8H21.3c1.6,1.2,5.3,4.5,10.5,5.8a.1.1,0,0,0,.1.1,19.3,19.3,0,0,0,3.6.6,16.2,16.2,0,0,0,6.4-.7A17.4,17.4,0,0,0,46,35a28.8,28.8,0,0,0,6.3-4.2c.5-.5,0,1.5-1.8,4.3a31.5,31.5,0,0,1-8.4,9H42a29,29,0,0,1-16.8,5.5h-.6a23.4,23.4,0,0,1-3.8-.3C6.7,47.4.2,35.1,0,30.8Z\"><\/path><\/g><\/g><\/svg><\/div>\n\t\t\t\t\t\t<\/span>\n\t\t<\/div>\n\t\t\t\t<\/div>\n\t\t\t\t<\/div>\n\t\t\t\t<section class=\"elementor-section elementor-inner-section elementor-element elementor-element-22a7538 elementor-section-full_width elementor-section-height-default elementor-section-height-default\" data-id=\"22a7538\" data-element_type=\"section\">\n\t\t\t\t\t\t<div class=\"elementor-container elementor-column-gap-thegem\">\n\t\t\t\t\t\t\t<div class=\"elementor-row\">\n\t\t\t\t\t<div class=\"elementor-column elementor-col-50 elementor-inner-column elementor-element elementor-element-53616c0\" data-id=\"53616c0\" data-element_type=\"column\">\n\t\t\t<div class=\"elementor-column-wrap elementor-element-populated\">\n\t\t\t\t\t\t\t<div class=\"elementor-widget-wrap\">\n\t\t\t\t\t\t<div class=\"elementor-element elementor-element-7c9d181 elementor-widget__width-initial elementor-widget elementor-widget-text-editor\" data-id=\"7c9d181\" data-element_type=\"widget\" data-widget_type=\"text-editor.default\">\n\t\t\t\t<div class=\"elementor-widget-container\">\n\t\t\t\t\t\t\t\t<div class=\"elementor-text-editor elementor-clearfix\">\n\t\t\t\t\t<p>Amesco ist auf die Herstellung von Gelenkbuchsen spezialisiert. Das Unternehmen ist auf dem europ\u00e4ischen Eisenbahn-Markt etabliert, den es mit 68% seiner Produktion beliefert. Dabei achtet Amesco besonders auf seinen langfristigen Fortbestand!<\/p>\n<p>Best\u00e4rkt durch die Anerkennung seiner Kunden m\u00f6chte das Unternehmen jetzt seine T\u00e4tigkeit im Bereich Schienenfahrzeuge auf weitere Akteure ausdehnen, die auf der Suche nach erfahrenen Lieferanten sind. Auch \u00fcber die Fertigung von Buchsen und Manschetten hinaus stellt das Unternehmen seine Sachkenntnis in den Dienst seiner Kunden, die ihm gerne ihre Problemf\u00e4lle unterbreiten d\u00fcrfen.<\/p>\n<p>Von seinem Standort im Norden Frankreichs, der circa 100 km von Br\u00fcssel und nur ein paar Autostunden von seinen entferntesten Kunden liegt, liefert AMESCO seine Produkte in das Vereinigte K\u00f6nigreich, nach Nordeuropa, Deutschland, Ost- und S\u00fcdeuropa aus.<br \/>\nF\u00fcr seinen kaufm\u00e4nnischen Leiter f\u00fcr den Export, Herrn Robert SONNENSBERGER, hat Amesco Deutschland als Standort gew\u00e4hlt.<\/p>\n\t\t\t\t\t<\/div>\n\t\t\t\t\t\t<\/div>\n\t\t\t\t<\/div>\n\t\t\t\t<div class=\"elementor-element elementor-element-5353baf elementor-widget__width-initial elementor-absolute elementor-widget elementor-widget-image\" data-id=\"5353baf\" data-element_type=\"widget\" data-settings=\"{&quot;_position&quot;:&quot;absolute&quot;}\" data-widget_type=\"image.default\">\n\t\t\t\t<div class=\"elementor-widget-container\">\n\t\t\t\t\t\t\t\t<div class=\"elementor-image\">\n\t\t\t\t\t\t\t\t\t\t\t\t<img width=\"300\" height=\"269\" src=\"https:\/\/amesco.fr\/wp-content\/uploads\/2021\/03\/carte-fond-amesco-300x269.png\" class=\"attachment-medium size-medium\" alt=\"\" srcset=\"https:\/\/amesco.fr\/wp-content\/uploads\/2021\/03\/carte-fond-amesco-300x269.png 300w, https:\/\/amesco.fr\/wp-content\/uploads\/2021\/03\/carte-fond-amesco.png 361w\" sizes=\"(max-width: 300px) 100vw, 300px\" \/>\t\t\t\t\t\t\t\t\t\t\t\t\t\t<\/div>\n\t\t\t\t\t\t<\/div>\n\t\t\t\t<\/div>\n\t\t\t\t\t\t<\/div>\n\t\t\t\t\t<\/div>\n\t\t<\/div>\n\t\t\t\t<div class=\"elementor-column elementor-col-50 elementor-inner-column elementor-element elementor-element-3166403\" data-id=\"3166403\" data-element_type=\"column\">\n\t\t\t<div class=\"elementor-column-wrap elementor-element-populated\">\n\t\t\t\t\t\t\t<div class=\"elementor-widget-wrap\">\n\t\t\t\t\t\t<div class=\"elementor-element elementor-element-cb03db5 elementor-widget elementor-widget-image\" data-id=\"cb03db5\" data-element_type=\"widget\" data-widget_type=\"image.default\">\n\t\t\t\t<div class=\"elementor-widget-container\">\n\t\t\t\t\t\t\t\t<div class=\"elementor-image\">\n\t\t\t\t\t\t\t\t\t\t\t\t<img width=\"353\" height=\"421\" src=\"https:\/\/amesco.fr\/wp-content\/uploads\/2021\/03\/carte-amesco-2.png\" class=\"attachment-full size-full\" alt=\"\" srcset=\"https:\/\/amesco.fr\/wp-content\/uploads\/2021\/03\/carte-amesco-2.png 353w, https:\/\/amesco.fr\/wp-content\/uploads\/2021\/03\/carte-amesco-2-252x300.png 252w\" sizes=\"(max-width: 353px) 100vw, 353px\" \/>\t\t\t\t\t\t\t\t\t\t\t\t\t\t<\/div>\n\t\t\t\t\t\t<\/div>\n\t\t\t\t<\/div>\n\t\t\t\t<div class=\"elementor-element elementor-element-4ff1636 elementor-widget__width-initial elementor-absolute elementor-widget elementor-widget-image\" data-id=\"4ff1636\" data-element_type=\"widget\" data-settings=\"{&quot;_position&quot;:&quot;absolute&quot;}\" data-widget_type=\"image.default\">\n\t\t\t\t<div class=\"elementor-widget-container\">\n\t\t\t\t\t\t\t\t<div class=\"elementor-image\">\n\t\t\t\t\t\t\t\t\t\t\t\t<img width=\"300\" height=\"269\" src=\"https:\/\/amesco.fr\/wp-content\/uploads\/2021\/03\/carte-fond-amesco-300x269.png\" class=\"attachment-medium size-medium\" alt=\"\" srcset=\"https:\/\/amesco.fr\/wp-content\/uploads\/2021\/03\/carte-fond-amesco-300x269.png 300w, https:\/\/amesco.fr\/wp-content\/uploads\/2021\/03\/carte-fond-amesco.png 361w\" sizes=\"(max-width: 300px) 100vw, 300px\" \/>\t\t\t\t\t\t\t\t\t\t\t\t\t\t<\/div>\n\t\t\t\t\t\t<\/div>\n\t\t\t\t<\/div>\n\t\t\t\t\t\t<\/div>\n\t\t\t\t\t<\/div>\n\t\t<\/div>\n\t\t\t\t\t\t\t\t<\/div>\n\t\t\t\t\t<\/div>\n\t\t<\/section>\n\t\t\t\t\t\t<\/div>\n\t\t\t\t\t<\/div>\n\t\t<\/div>\n\t\t\t\t\t\t\t\t<\/div>\n\t\t\t\t\t<\/div>\n\t\t<\/section>\n\t\t\t\t<section class=\"elementor-section elementor-top-section elementor-element elementor-element-6fa1dee elementor-section-full_width elementor-section-stretched elementor-section-height-default elementor-section-height-default\" data-id=\"6fa1dee\" data-element_type=\"section\" data-settings=\"{&quot;stretch_section&quot;:&quot;section-stretched&quot;,&quot;background_background&quot;:&quot;slideshow&quot;,&quot;background_slideshow_gallery&quot;:[{&quot;id&quot;:27112,&quot;url&quot;:&quot;https:\\\/\\\/amesco.fr\\\/wp-content\\\/uploads\\\/2021\\\/02\\\/white-paper-texture-background-copy-space-1-scaled.jpg&quot;}],&quot;background_slideshow_loop&quot;:&quot;yes&quot;,&quot;background_slideshow_slide_duration&quot;:5000,&quot;background_slideshow_slide_transition&quot;:&quot;fade&quot;,&quot;background_slideshow_transition_duration&quot;:500}\">\n\t\t\t\t\t\t\t<div class=\"elementor-background-overlay\"><\/div>\n\t\t\t\t\t\t\t<div class=\"elementor-container elementor-column-gap-thegem\">\n\t\t\t\t\t\t\t<div class=\"elementor-row\">\n\t\t\t\t\t<div class=\"elementor-column elementor-col-100 elementor-top-column elementor-element elementor-element-15dddce\" data-id=\"15dddce\" data-element_type=\"column\">\n\t\t\t<div class=\"elementor-column-wrap elementor-element-populated\">\n\t\t\t\t\t\t\t<div class=\"elementor-widget-wrap\">\n\t\t\t\t\t\t<div class=\"elementor-element elementor-element-759a8c1 elementor-widget elementor-widget-heading\" data-id=\"759a8c1\" data-element_type=\"widget\" data-widget_type=\"heading.default\">\n\t\t\t\t<div class=\"elementor-widget-container\">\n\t\t\t<div class=\"title-h2 elementor-heading-title elementor-size-default\">Unsere geschichte<\/div>\t\t<\/div>\n\t\t\t\t<\/div>\n\t\t\t\t<div class=\"elementor-element elementor-element-e1033f0 elementor-widget-divider--view-line_icon elementor-view-default elementor-widget-divider--element-align-center elementor-widget elementor-widget-divider\" data-id=\"e1033f0\" data-element_type=\"widget\" data-widget_type=\"divider.default\">\n\t\t\t\t<div class=\"elementor-widget-container\">\n\t\t\t\t\t<div class=\"elementor-divider\">\n\t\t\t<span class=\"elementor-divider-separator\">\n\t\t\t\t\t\t\t<div class=\"elementor-icon elementor-divider__element\">\n\t\t\t\t\t<svg xmlns=\"http:\/\/www.w3.org\/2000\/svg\" viewBox=\"0 0 52.5 49.7\"><g id=\"Calque_2\" data-name=\"Calque 2\"><g id=\"Calque_1-2\" data-name=\"Calque 1\"><path d=\"M52.5,18.9H31.2c-1.6-1.3-5.3-4.6-10.5-5.9h0a11,11,0,0,0-3.7-.6,18.2,18.2,0,0,0-6.4.6,27.5,27.5,0,0,0-4.1,1.7A31.3,31.3,0,0,0,.2,18.9c-.5.4,0-1.5,1.8-4.3a32,32,0,0,1,8.5-9.1h0A29.2,29.2,0,0,1,27.3,0h.6a24.7,24.7,0,0,1,3.9.3C45.8,2.2,52.4,14.6,52.5,18.9Z\"><\/path><path d=\"M0,30.8H21.3c1.6,1.2,5.3,4.5,10.5,5.8a.1.1,0,0,0,.1.1,19.3,19.3,0,0,0,3.6.6,16.2,16.2,0,0,0,6.4-.7A17.4,17.4,0,0,0,46,35a28.8,28.8,0,0,0,6.3-4.2c.5-.5,0,1.5-1.8,4.3a31.5,31.5,0,0,1-8.4,9H42a29,29,0,0,1-16.8,5.5h-.6a23.4,23.4,0,0,1-3.8-.3C6.7,47.4.2,35.1,0,30.8Z\"><\/path><\/g><\/g><\/svg><\/div>\n\t\t\t\t\t\t<\/span>\n\t\t<\/div>\n\t\t\t\t<\/div>\n\t\t\t\t<\/div>\n\t\t\t\t<section class=\"elementor-section elementor-inner-section elementor-element elementor-element-fbbce03 elementor-section-full_width elementor-section-height-default elementor-section-height-default\" data-id=\"fbbce03\" data-element_type=\"section\">\n\t\t\t\t\t\t<div class=\"elementor-container elementor-column-gap-thegem\">\n\t\t\t\t\t\t\t<div class=\"elementor-row\">\n\t\t\t\t\t<div class=\"elementor-column elementor-col-100 elementor-inner-column elementor-element elementor-element-e5bf053\" data-id=\"e5bf053\" data-element_type=\"column\">\n\t\t\t<div class=\"elementor-column-wrap elementor-element-populated\">\n\t\t\t\t\t\t\t<div class=\"elementor-widget-wrap\">\n\t\t\t\t\t\t<div class=\"elementor-element elementor-element-b5e00d5 elementor-widget__width-initial elementor-widget elementor-widget-text-editor\" data-id=\"b5e00d5\" data-element_type=\"widget\" data-widget_type=\"text-editor.default\">\n\t\t\t\t<div class=\"elementor-widget-container\">\n\t\t\t\t\t\t\t\t<div class=\"elementor-text-editor elementor-clearfix\">\n\t\t\t\t\t<p>AMESCO blickt auf eine lange Familientradition in der industriellen Produktion von Teilen f\u00fcr Schienenfahrzeuge, insbesondere f\u00fcr Bremsvorrichtungen, zur\u00fcck.<\/p>\n<p>Heute widmet sich AMESCO der Fertigung von Buchsen, Manschetten und Bolzen.<\/p>\n\t\t\t\t\t<\/div>\n\t\t\t\t\t\t<\/div>\n\t\t\t\t<\/div>\n\t\t\t\t\t\t<\/div>\n\t\t\t\t\t<\/div>\n\t\t<\/div>\n\t\t\t\t\t\t\t\t<\/div>\n\t\t\t\t\t<\/div>\n\t\t<\/section>\n\t\t\t\t\t\t<\/div>\n\t\t\t\t\t<\/div>\n\t\t<\/div>\n\t\t\t\t\t\t\t\t<\/div>\n\t\t\t\t\t<\/div>\n\t\t<\/section>\n\t\t\t\t\t\t<\/div>\n\t\t\t\t\t\t<\/div>\n\t\t\t\t\t<\/div>\n\t\t","protected":false},"excerpt":{"rendered":"<p>Gr\u00f6sstm\u00f6gliche kundenn\u00e4he Amesco ist auf die Herstellung von Gelenkbuchsen spezialisiert. Das Unternehmen ist auf dem europ\u00e4ischen Eisenbahn-Markt etabliert, den es&#8230;<\/p>\n","protected":false},"author":1,"featured_media":0,"parent":0,"menu_order":0,"comment_status":"closed","ping_status":"closed","template":"page-fullwidth.php","meta":[],"yoast_head":"<!-- This site is optimized with the Yoast SEO plugin v16.8 - https:\/\/yoast.com\/wordpress\/plugins\/seo\/ -->\n<title>Amesco - Amesco<\/title>\n<meta name=\"robots\" content=\"index, follow, max-snippet:-1, max-image-preview:large, max-video-preview:-1\" \/>\n<link rel=\"canonical\" href=\"https:\/\/amesco.fr\/de\/amesco\/\" \/>\n<meta property=\"og:locale\" content=\"de_DE\" \/>\n<meta property=\"og:type\" content=\"article\" \/>\n<meta property=\"og:title\" content=\"Amesco - Amesco\" \/>\n<meta property=\"og:description\" content=\"Gr\u00f6sstm\u00f6gliche kundenn\u00e4he Amesco ist auf die Herstellung von Gelenkbuchsen spezialisiert. Das Unternehmen ist auf dem europ\u00e4ischen Eisenbahn-Markt etabliert, den es...\" \/>\n<meta property=\"og:url\" content=\"https:\/\/amesco.fr\/de\/amesco\/\" \/>\n<meta property=\"og:site_name\" content=\"Amesco\" \/>\n<meta property=\"article:modified_time\" content=\"2021-08-13T10:25:18+00:00\" \/>\n<meta property=\"og:image\" content=\"https:\/\/amesco.fr\/wp-content\/uploads\/2021\/03\/carte-fond-amesco-300x269.png\" \/>\n<meta name=\"twitter:card\" content=\"summary_large_image\" \/>\n<meta name=\"twitter:label1\" content=\"Gesch\u00e4tzte Lesezeit\" \/>\n\t<meta name=\"twitter:data1\" content=\"1\u00a0Minute\" \/>\n<script type=\"application\/ld+json\" class=\"yoast-schema-graph\">{\"@context\":\"https:\/\/schema.org\",\"@graph\":[{\"@type\":\"Organization\",\"@id\":\"https:\/\/amesco.fr\/#organization\",\"name\":\"Amesco\",\"url\":\"https:\/\/amesco.fr\/\",\"sameAs\":[],\"logo\":{\"@type\":\"ImageObject\",\"@id\":\"https:\/\/amesco.fr\/#logo\",\"inLanguage\":\"de\",\"url\":\"https:\/\/amesco.fr\/wp-content\/uploads\/2021\/07\/logo_amesco_260721.png\",\"contentUrl\":\"https:\/\/amesco.fr\/wp-content\/uploads\/2021\/07\/logo_amesco_260721.png\",\"width\":150,\"height\":81,\"caption\":\"Amesco\"},\"image\":{\"@id\":\"https:\/\/amesco.fr\/#logo\"}},{\"@type\":\"WebSite\",\"@id\":\"https:\/\/amesco.fr\/#website\",\"url\":\"https:\/\/amesco.fr\/\",\"name\":\"Amesco\",\"description\":\"Der Spezialist f\\u00fcr Eisenbahn-Buchsen\",\"publisher\":{\"@id\":\"https:\/\/amesco.fr\/#organization\"},\"potentialAction\":[{\"@type\":\"SearchAction\",\"target\":{\"@type\":\"EntryPoint\",\"urlTemplate\":\"https:\/\/amesco.fr\/?s={search_term_string}\"},\"query-input\":\"required name=search_term_string\"}],\"inLanguage\":\"de\"},{\"@type\":\"ImageObject\",\"@id\":\"https:\/\/amesco.fr\/de\/amesco\/#primaryimage\",\"inLanguage\":\"de\",\"url\":\"https:\/\/amesco.fr\/wp-content\/uploads\/2021\/03\/carte-fond-amesco.png\",\"contentUrl\":\"https:\/\/amesco.fr\/wp-content\/uploads\/2021\/03\/carte-fond-amesco.png\",\"width\":361,\"height\":324},{\"@type\":\"WebPage\",\"@id\":\"https:\/\/amesco.fr\/de\/amesco\/#webpage\",\"url\":\"https:\/\/amesco.fr\/de\/amesco\/\",\"name\":\"Amesco - Amesco\",\"isPartOf\":{\"@id\":\"https:\/\/amesco.fr\/#website\"},\"primaryImageOfPage\":{\"@id\":\"https:\/\/amesco.fr\/de\/amesco\/#primaryimage\"},\"datePublished\":\"2021-08-12T14:13:02+00:00\",\"dateModified\":\"2021-08-13T10:25:18+00:00\",\"breadcrumb\":{\"@id\":\"https:\/\/amesco.fr\/de\/amesco\/#breadcrumb\"},\"inLanguage\":\"de\",\"potentialAction\":[{\"@type\":\"ReadAction\",\"target\":[\"https:\/\/amesco.fr\/de\/amesco\/\"]}]},{\"@type\":\"BreadcrumbList\",\"@id\":\"https:\/\/amesco.fr\/de\/amesco\/#breadcrumb\",\"itemListElement\":[{\"@type\":\"ListItem\",\"position\":1,\"name\":\"Accueil\",\"item\":\"https:\/\/amesco.fr\/\"},{\"@type\":\"ListItem\",\"position\":2,\"name\":\"Amesco\"}]}]}<\/script>\n<!-- \/ Yoast SEO plugin. -->","yoast_head_json":{"title":"Amesco - Amesco","robots":{"index":"index","follow":"follow","max-snippet":"max-snippet:-1","max-image-preview":"max-image-preview:large","max-video-preview":"max-video-preview:-1"},"canonical":"https:\/\/amesco.fr\/de\/amesco\/","og_locale":"de_DE","og_type":"article","og_title":"Amesco - Amesco","og_description":"Gr\u00f6sstm\u00f6gliche kundenn\u00e4he Amesco ist auf die Herstellung von Gelenkbuchsen spezialisiert. Das Unternehmen ist auf dem europ\u00e4ischen Eisenbahn-Markt etabliert, den es...","og_url":"https:\/\/amesco.fr\/de\/amesco\/","og_site_name":"Amesco","article_modified_time":"2021-08-13T10:25:18+00:00","og_image":[{"url":"https:\/\/amesco.fr\/wp-content\/uploads\/2021\/03\/carte-fond-amesco-300x269.png"}],"twitter_card":"summary_large_image","twitter_misc":{"Gesch\u00e4tzte Lesezeit":"1\u00a0Minute"},"schema":{"@context":"https:\/\/schema.org","@graph":[{"@type":"Organization","@id":"https:\/\/amesco.fr\/#organization","name":"Amesco","url":"https:\/\/amesco.fr\/","sameAs":[],"logo":{"@type":"ImageObject","@id":"https:\/\/amesco.fr\/#logo","inLanguage":"de","url":"https:\/\/amesco.fr\/wp-content\/uploads\/2021\/07\/logo_amesco_260721.png","contentUrl":"https:\/\/amesco.fr\/wp-content\/uploads\/2021\/07\/logo_amesco_260721.png","width":150,"height":81,"caption":"Amesco"},"image":{"@id":"https:\/\/amesco.fr\/#logo"}},{"@type":"WebSite","@id":"https:\/\/amesco.fr\/#website","url":"https:\/\/amesco.fr\/","name":"Amesco","description":"Der Spezialist f\u00fcr Eisenbahn-Buchsen","publisher":{"@id":"https:\/\/amesco.fr\/#organization"},"potentialAction":[{"@type":"SearchAction","target":{"@type":"EntryPoint","urlTemplate":"https:\/\/amesco.fr\/?s={search_term_string}"},"query-input":"required name=search_term_string"}],"inLanguage":"de"},{"@type":"ImageObject","@id":"https:\/\/amesco.fr\/de\/amesco\/#primaryimage","inLanguage":"de","url":"https:\/\/amesco.fr\/wp-content\/uploads\/2021\/03\/carte-fond-amesco.png","contentUrl":"https:\/\/amesco.fr\/wp-content\/uploads\/2021\/03\/carte-fond-amesco.png","width":361,"height":324},{"@type":"WebPage","@id":"https:\/\/amesco.fr\/de\/amesco\/#webpage","url":"https:\/\/amesco.fr\/de\/amesco\/","name":"Amesco - Amesco","isPartOf":{"@id":"https:\/\/amesco.fr\/#website"},"primaryImageOfPage":{"@id":"https:\/\/amesco.fr\/de\/amesco\/#primaryimage"},"datePublished":"2021-08-12T14:13:02+00:00","dateModified":"2021-08-13T10:25:18+00:00","breadcrumb":{"@id":"https:\/\/amesco.fr\/de\/amesco\/#breadcrumb"},"inLanguage":"de","potentialAction":[{"@type":"ReadAction","target":["https:\/\/amesco.fr\/de\/amesco\/"]}]},{"@type":"BreadcrumbList","@id":"https:\/\/amesco.fr\/de\/amesco\/#breadcrumb","itemListElement":[{"@type":"ListItem","position":1,"name":"Accueil","item":"https:\/\/amesco.fr\/"},{"@type":"ListItem","position":2,"name":"Amesco"}]}]}},"_links":{"self":[{"href":"https:\/\/amesco.fr\/de\/wp-json\/wp\/v2\/pages\/28009"}],"collection":[{"href":"https:\/\/amesco.fr\/de\/wp-json\/wp\/v2\/pages"}],"about":[{"href":"https:\/\/amesco.fr\/de\/wp-json\/wp\/v2\/types\/page"}],"author":[{"embeddable":true,"href":"https:\/\/amesco.fr\/de\/wp-json\/wp\/v2\/users\/1"}],"replies":[{"embeddable":true,"href":"https:\/\/amesco.fr\/de\/wp-json\/wp\/v2\/comments?post=28009"}],"version-history":[{"count":4,"href":"https:\/\/amesco.fr\/de\/wp-json\/wp\/v2\/pages\/28009\/revisions"}],"predecessor-version":[{"id":28082,"href":"https:\/\/amesco.fr\/de\/wp-json\/wp\/v2\/pages\/28009\/revisions\/28082"}],"wp:attachment":[{"href":"https:\/\/amesco.fr\/de\/wp-json\/wp\/v2\/media?parent=28009"}],"curies":[{"name":"wp","href":"https:\/\/api.w.org\/{rel}","templated":true}]}}