{"id":28122,"date":"2021-08-13T14:01:23","date_gmt":"2021-08-13T12:01:23","guid":{"rendered":"https:\/\/amesco.fr\/impressum\/"},"modified":"2021-08-26T09:27:11","modified_gmt":"2021-08-26T07:27:11","slug":"impressum","status":"publish","type":"page","link":"https:\/\/amesco.fr\/de\/impressum\/","title":{"rendered":"Impressum"},"content":{"rendered":"\t\t<div data-elementor-type=\"wp-page\" data-elementor-id=\"28122\" class=\"elementor elementor-28122 elementor-2\" data-elementor-settings=\"[]\">\n\t\t\t\t\t\t<div class=\"elementor-inner\">\n\t\t\t\t\t\t\t<div class=\"elementor-section-wrap\">\n\t\t\t\t\t\t\t<section class=\"elementor-section elementor-top-section elementor-element elementor-element-f8dc69d elementor-section-boxed elementor-section-height-default elementor-section-height-default\" data-id=\"f8dc69d\" data-element_type=\"section\">\n\t\t\t\t\t\t<div class=\"elementor-container elementor-column-gap-thegem\">\n\t\t\t\t\t\t\t<div class=\"elementor-row\">\n\t\t\t\t\t<div class=\"elementor-column elementor-col-100 elementor-top-column elementor-element elementor-element-6c78d0e\" data-id=\"6c78d0e\" data-element_type=\"column\">\n\t\t\t<div class=\"elementor-column-wrap elementor-element-populated\">\n\t\t\t\t\t\t\t<div class=\"elementor-widget-wrap\">\n\t\t\t\t\t\t<div class=\"elementor-element elementor-element-35ff69a elementor-widget elementor-widget-text-editor\" data-id=\"35ff69a\" data-element_type=\"widget\" data-widget_type=\"text-editor.default\">\n\t\t\t\t<div class=\"elementor-widget-container\">\n\t\t\t\t\t\t\t\t<div class=\"elementor-text-editor elementor-clearfix\">\n\t\t\t\t\t<p><strong>UNTERNEHMENSINFORMATIONEN<\/strong><\/p>\n<p><strong>Name und Anschrift:<\/strong> Amesco, 1 rue C\u00e9sar Dewasmes, 59690 Vieux Cond\u00e9, France.<\/p>\n<p><strong>Herausgeber:<\/strong> Alain SEGARD<br><strong>Telefon:<\/strong> 03 27 25 08 28<br><strong>Eintragungen im Handelsregister von Valenciennes:<\/strong><br><strong>Gastgeber:<\/strong> <a title=\"Conseil Web, Design et solutions informatiques - Kapsicum\" href=\"http:\/\/www.kapsicum.fr\" target=\"_blank\" rel=\"noopener\">SARL Kapsicum Conseil Web et Design<\/a> &#8211;&nbsp;<a title=\"Conseil Web, Design et solutions informatiques - Kapsicum\" href=\"http:\/\/www.kapsicum.fr\" target=\"_blank\" rel=\"noopener\">www.kapsicum.fr<\/a><\/p>\n<hr>\n<p><strong>&nbsp;<\/strong><\/p>\n<p><strong>Nutzungsbedingungen<\/strong><\/p>\n<p>Die AMESCO-Site dient der pers\u00f6nlichen Information ihrer Besucher.&nbsp;Die Marke AMESCO ist international registriert und deckt alle Funktionalit\u00e4ten unserer Produkte ab.&nbsp;Die Site und jegliche Software, die notwendigerweise in Verbindung damit verwendet wird, k\u00f6nnen vertrauliche Informationen enthalten, die durch geltende Gesetze zum Schutz des geistigen Eigentums oder andere Gesetze gesch\u00fctzt sind.&nbsp;Sofern nicht anders angegeben, sind die geistigen Eigentumsrechte an den auf der Website enthaltenen Dokumenten und jedem der f\u00fcr diese Website erstellten Elemente Eigentum von AMESCO, die keine Lizenz oder ein anderes Recht als das Konsultieren der Website gew\u00e4hrt .<\/p>\n<p>Die Vervielf\u00e4ltigung aller auf der Website ver\u00f6ffentlichten Dokumente ist nur zu ausschlie\u00dflichen Informationszwecken f\u00fcr den pers\u00f6nlichen und privaten Gebrauch gestattet, wobei jede Vervielf\u00e4ltigung des Inhalts dieser Website (ganz oder teilweise) und jede Verwendung von Kopien zu anderen Zwecken ausdr\u00fccklich verboten.&nbsp;Es ist auch verboten, den Quellcode zu kopieren, zu modifizieren, zu \u00fcbersetzen, abgeleitete Werke zu erstellen, anzupassen, das Design oder die Zusammenstellung umzukehren oder auf andere Weise zu versuchen, den Quellcode zu finden (au\u00dfer wenn dies gesetzlich vorgesehen ist), zu verkaufen, abzutreten, unterzulizenzieren oder andernfalls jegliche Rechte an der Software \u00fcbertragen.&nbsp;Ebenso ist es untersagt, die Software zu modifizieren oder modifizierte Versionen zu verwenden, insbesondere (ohne Anspruch auf Vollst\u00e4ndigkeit) mit dem Ziel,&nbsp;Unbefugten Zugriff auf den Dienst zu erhalten und auf die Website \u00fcber andere als die Ihnen von AMESCO zu diesem Zweck bereitgestellte Schnittstelle zuzugreifen.&nbsp;AMESCO beh\u00e4lt sich das Recht vor, bei F\u00e4lschung und allgemeiner Verletzung ihrer geistigen Eigentumsrechte Schadensersatz zu verlangen.<\/p>\n<hr>\n<p><strong>&nbsp;<\/strong><\/p>\n<p><strong>Schutz personenbezogener Daten<\/strong><\/p>\n<p>AMESCO verpflichtet sich, die Vertraulichkeit aller vom Internetnutzer online zur Verf\u00fcgung gestellten Informationen zu wahren.&nbsp;Alle personenbezogenen Daten, die der Internetnutzer f\u00fcr die Nutzung bestimmter Dienste an AMESCO \u00fcbermitteln muss, unterliegen den Bestimmungen der Verordnung (EU) 2016\/679 des Europ\u00e4ischen Parlaments (RGPD) und des Gesetzes vom 6. Januar 1978 \u00fcber Computerdateien und Freiheiten.&nbsp;Gem\u00e4\u00df Artikel 27 des Datenschutzgesetzes vom 6. Januar 1978 teilen wir Ihnen mit, dass Sie das Recht haben, auf Ihre personenbezogenen Daten zuzugreifen, sie zu berichtigen oder zu l\u00f6schen, die Sie jederzeit schriftlich an&nbsp;AMESCO&nbsp;aus\u00fcben k\u00f6nnen:&nbsp;1 rue C\u00e9sar Dewasmes, 59690 Vieux Cond\u00e9, France&nbsp;&#8211; Zu H\u00e4nden der Kommunikationsabteilung.<\/p>\n<p><span style=\"background-color: rgba(255, 255, 255, 0);\">AMESCO<\/span>&nbsp;kann auf seiner&nbsp;AMESCO-Website personenbezogene Daten erheben, die Sie identifizieren (insbesondere Name, E-Mail-Adresse).Wenn Sie nicht m\u00f6chten, dass&nbsp;AMESCO&nbsp;Ihre Kontaktdaten sammelt, weisen Sie dies bitte im Inhalt Ihrer Nachricht deutlich darauf hin.&nbsp;Andernfalls verwenden wir Ihre personenbezogenen Daten f\u00fcr kommerzielle Prospektionszwecke oder insbesondere, um auf Ihre Anfrage zu antworten oder Ihnen spezifische Informationen zu unseren Produkten zu \u00fcbermitteln.<\/p>\n<hr>\n<p><strong>&nbsp;<\/strong><\/p>\n<p><strong><span>Haftungsbeschr\u00e4nkung<\/span><\/strong><\/p>\n<p><span>AMESCO lehnt jede Verantwortung ab:<\/span><\/p>\n<ul>\n<li><span>f\u00fcr jede Unterbrechung der Website und ihrer Dienste.<\/span><\/li>\n<li><span>f\u00fcr jeden Virus, der wahrscheinlich Schaden anrichtet, Ihre Computerinstallation oder eine andere Installation infiziert oder zerst\u00f6rt, sobald Sie auf diese Website zugreifen, ein Dokument herunterladen oder eine andere Funktionalit\u00e4t der Website verwenden.<\/span><\/li>\n<li><span>f\u00fcr jedes Auftreten von Fehlern.<\/span><\/li>\n<li><span>f\u00fcr Ungenauigkeiten oder Auslassungen in Bezug auf die auf dieser Website verf\u00fcgbaren Informationen.<\/span><\/li>\n<li><span>f\u00fcr Sch\u00e4den, die aus einem betr\u00fcgerischen Eindringen Dritter resultieren, das zu einer \u00c4nderung der auf der Website bereitgestellten Informationen f\u00fchrt.<\/span><\/li>\n<li><span>und allgemeiner f\u00fcr jeden direkten oder indirekten Schaden, ungeachtet der Ursachen, Urspr\u00fcnge, Art oder Folgen<\/span><\/li>\n<\/ul>\n<p><span>Dar\u00fcber hinaus kann die&nbsp;<\/span>AMESCO<span>-Website Links zu anderen Websites enthalten.&nbsp;<\/span>AMESCO<span>&nbsp;lehnt jede Verantwortung f\u00fcr Inhalte, Werbung, Produkte, Dienstleistungen oder sonstiges Material ab, das auf oder von diesen Seiten verf\u00fcgbar ist.<\/span><\/p>\n<p><span style=\"background-color: rgba(255, 255, 255, 0);\">AMESCO<\/span><span>&nbsp;beh\u00e4lt sich als Eigent\u00fcmer der Website das Recht vor, den Informationsinhalt dieser Website jederzeit ohne vorherige Ank\u00fcndigung zu \u00e4ndern, hinzuzuf\u00fcgen oder zu l\u00f6schen.&nbsp;Diese \u00c4nderungen werden wirksam, sobald sie auf der Website ver\u00f6ffentlicht werden.&nbsp;Das Durchsuchen der Website nach der Durchf\u00fchrung dieser \u00c4nderungen bedeutet automatisch deren Annahme.&nbsp;Jede Nachricht, die \u00fcber oder \u00fcber die Site an&nbsp;<\/span>AMESCO<span>&nbsp;gesendet wird, begr\u00fcndet keine Verpflichtung f\u00fcr&nbsp;<\/span>AMESCO<span>.<\/span><\/p>\n<p><span>Diese rechtlichen Hinweise unterliegen franz\u00f6sischem Recht unter Ausschluss jeglichen anderen.&nbsp;Alle Streitigkeiten, zu denen diese Website oder diese rechtlichen Hinweise Anlass geben, unterliegen der ausschlie\u00dflichen Zust\u00e4ndigkeit der franz\u00f6sischen Gerichte.<\/span><\/p>\t\t\t\t\t<\/div>\n\t\t\t\t\t\t<\/div>\n\t\t\t\t<\/div>\n\t\t\t\t\t\t<\/div>\n\t\t\t\t\t<\/div>\n\t\t<\/div>\n\t\t\t\t\t\t\t\t<\/div>\n\t\t\t\t\t<\/div>\n\t\t<\/section>\n\t\t\t\t\t\t<\/div>\n\t\t\t\t\t\t<\/div>\n\t\t\t\t\t<\/div>\n\t\t","protected":false},"excerpt":{"rendered":"<p>UNTERNEHMENSINFORMATIONEN Name und Anschrift: Amesco, 1 rue C\u00e9sar Dewasmes, 59690 Vieux Cond\u00e9, France. Herausgeber: Alain SEGARDTelefon: 03 27 25 08&#8230;<\/p>\n","protected":false},"author":1,"featured_media":0,"parent":0,"menu_order":0,"comment_status":"closed","ping_status":"open","template":"","meta":[],"yoast_head":"<!-- This site is optimized with the Yoast SEO plugin v16.8 - https:\/\/yoast.com\/wordpress\/plugins\/seo\/ -->\n<title>Impressum - Amesco<\/title>\n<meta name=\"robots\" content=\"index, follow, max-snippet:-1, max-image-preview:large, max-video-preview:-1\" \/>\n<link rel=\"canonical\" href=\"https:\/\/amesco.fr\/de\/impressum\/\" \/>\n<meta property=\"og:locale\" content=\"de_DE\" \/>\n<meta property=\"og:type\" content=\"article\" \/>\n<meta property=\"og:title\" content=\"Impressum - Amesco\" \/>\n<meta property=\"og:description\" content=\"UNTERNEHMENSINFORMATIONEN Name und Anschrift: Amesco, 1 rue C\u00e9sar Dewasmes, 59690 Vieux Cond\u00e9, France. Herausgeber: Alain SEGARDTelefon: 03 27 25 08...\" \/>\n<meta property=\"og:url\" content=\"https:\/\/amesco.fr\/de\/impressum\/\" \/>\n<meta property=\"og:site_name\" content=\"Amesco\" \/>\n<meta property=\"article:modified_time\" content=\"2021-08-26T07:27:11+00:00\" \/>\n<meta name=\"twitter:card\" content=\"summary_large_image\" \/>\n<meta name=\"twitter:label1\" content=\"Gesch\u00e4tzte Lesezeit\" \/>\n\t<meta name=\"twitter:data1\" content=\"3\u00a0Minuten\" \/>\n<script type=\"application\/ld+json\" class=\"yoast-schema-graph\">{\"@context\":\"https:\/\/schema.org\",\"@graph\":[{\"@type\":\"Organization\",\"@id\":\"https:\/\/amesco.fr\/#organization\",\"name\":\"Amesco\",\"url\":\"https:\/\/amesco.fr\/\",\"sameAs\":[],\"logo\":{\"@type\":\"ImageObject\",\"@id\":\"https:\/\/amesco.fr\/#logo\",\"inLanguage\":\"de\",\"url\":\"https:\/\/amesco.fr\/wp-content\/uploads\/2021\/07\/logo_amesco_260721.png\",\"contentUrl\":\"https:\/\/amesco.fr\/wp-content\/uploads\/2021\/07\/logo_amesco_260721.png\",\"width\":150,\"height\":81,\"caption\":\"Amesco\"},\"image\":{\"@id\":\"https:\/\/amesco.fr\/#logo\"}},{\"@type\":\"WebSite\",\"@id\":\"https:\/\/amesco.fr\/#website\",\"url\":\"https:\/\/amesco.fr\/\",\"name\":\"Amesco\",\"description\":\"Der Spezialist f\\u00fcr Eisenbahn-Buchsen\",\"publisher\":{\"@id\":\"https:\/\/amesco.fr\/#organization\"},\"potentialAction\":[{\"@type\":\"SearchAction\",\"target\":{\"@type\":\"EntryPoint\",\"urlTemplate\":\"https:\/\/amesco.fr\/?s={search_term_string}\"},\"query-input\":\"required name=search_term_string\"}],\"inLanguage\":\"de\"},{\"@type\":\"WebPage\",\"@id\":\"https:\/\/amesco.fr\/de\/impressum\/#webpage\",\"url\":\"https:\/\/amesco.fr\/de\/impressum\/\",\"name\":\"Impressum - Amesco\",\"isPartOf\":{\"@id\":\"https:\/\/amesco.fr\/#website\"},\"datePublished\":\"2021-08-13T12:01:23+00:00\",\"dateModified\":\"2021-08-26T07:27:11+00:00\",\"breadcrumb\":{\"@id\":\"https:\/\/amesco.fr\/de\/impressum\/#breadcrumb\"},\"inLanguage\":\"de\",\"potentialAction\":[{\"@type\":\"ReadAction\",\"target\":[\"https:\/\/amesco.fr\/de\/impressum\/\"]}]},{\"@type\":\"BreadcrumbList\",\"@id\":\"https:\/\/amesco.fr\/de\/impressum\/#breadcrumb\",\"itemListElement\":[{\"@type\":\"ListItem\",\"position\":1,\"name\":\"Accueil\",\"item\":\"https:\/\/amesco.fr\/\"},{\"@type\":\"ListItem\",\"position\":2,\"name\":\"Impressum\"}]}]}<\/script>\n<!-- \/ Yoast SEO plugin. -->","yoast_head_json":{"title":"Impressum - Amesco","robots":{"index":"index","follow":"follow","max-snippet":"max-snippet:-1","max-image-preview":"max-image-preview:large","max-video-preview":"max-video-preview:-1"},"canonical":"https:\/\/amesco.fr\/de\/impressum\/","og_locale":"de_DE","og_type":"article","og_title":"Impressum - Amesco","og_description":"UNTERNEHMENSINFORMATIONEN Name und Anschrift: Amesco, 1 rue C\u00e9sar Dewasmes, 59690 Vieux Cond\u00e9, France. Herausgeber: Alain SEGARDTelefon: 03 27 25 08...","og_url":"https:\/\/amesco.fr\/de\/impressum\/","og_site_name":"Amesco","article_modified_time":"2021-08-26T07:27:11+00:00","twitter_card":"summary_large_image","twitter_misc":{"Gesch\u00e4tzte Lesezeit":"3\u00a0Minuten"},"schema":{"@context":"https:\/\/schema.org","@graph":[{"@type":"Organization","@id":"https:\/\/amesco.fr\/#organization","name":"Amesco","url":"https:\/\/amesco.fr\/","sameAs":[],"logo":{"@type":"ImageObject","@id":"https:\/\/amesco.fr\/#logo","inLanguage":"de","url":"https:\/\/amesco.fr\/wp-content\/uploads\/2021\/07\/logo_amesco_260721.png","contentUrl":"https:\/\/amesco.fr\/wp-content\/uploads\/2021\/07\/logo_amesco_260721.png","width":150,"height":81,"caption":"Amesco"},"image":{"@id":"https:\/\/amesco.fr\/#logo"}},{"@type":"WebSite","@id":"https:\/\/amesco.fr\/#website","url":"https:\/\/amesco.fr\/","name":"Amesco","description":"Der Spezialist f\u00fcr Eisenbahn-Buchsen","publisher":{"@id":"https:\/\/amesco.fr\/#organization"},"potentialAction":[{"@type":"SearchAction","target":{"@type":"EntryPoint","urlTemplate":"https:\/\/amesco.fr\/?s={search_term_string}"},"query-input":"required name=search_term_string"}],"inLanguage":"de"},{"@type":"WebPage","@id":"https:\/\/amesco.fr\/de\/impressum\/#webpage","url":"https:\/\/amesco.fr\/de\/impressum\/","name":"Impressum - Amesco","isPartOf":{"@id":"https:\/\/amesco.fr\/#website"},"datePublished":"2021-08-13T12:01:23+00:00","dateModified":"2021-08-26T07:27:11+00:00","breadcrumb":{"@id":"https:\/\/amesco.fr\/de\/impressum\/#breadcrumb"},"inLanguage":"de","potentialAction":[{"@type":"ReadAction","target":["https:\/\/amesco.fr\/de\/impressum\/"]}]},{"@type":"BreadcrumbList","@id":"https:\/\/amesco.fr\/de\/impressum\/#breadcrumb","itemListElement":[{"@type":"ListItem","position":1,"name":"Accueil","item":"https:\/\/amesco.fr\/"},{"@type":"ListItem","position":2,"name":"Impressum"}]}]}},"_links":{"self":[{"href":"https:\/\/amesco.fr\/de\/wp-json\/wp\/v2\/pages\/28122"}],"collection":[{"href":"https:\/\/amesco.fr\/de\/wp-json\/wp\/v2\/pages"}],"about":[{"href":"https:\/\/amesco.fr\/de\/wp-json\/wp\/v2\/types\/page"}],"author":[{"embeddable":true,"href":"https:\/\/amesco.fr\/de\/wp-json\/wp\/v2\/users\/1"}],"replies":[{"embeddable":true,"href":"https:\/\/amesco.fr\/de\/wp-json\/wp\/v2\/comments?post=28122"}],"version-history":[{"count":9,"href":"https:\/\/amesco.fr\/de\/wp-json\/wp\/v2\/pages\/28122\/revisions"}],"predecessor-version":[{"id":28180,"href":"https:\/\/amesco.fr\/de\/wp-json\/wp\/v2\/pages\/28122\/revisions\/28180"}],"wp:attachment":[{"href":"https:\/\/amesco.fr\/de\/wp-json\/wp\/v2\/media?parent=28122"}],"curies":[{"name":"wp","href":"https:\/\/api.w.org\/{rel}","templated":true}]}}